{"id":2264,"date":"2025-06-27T11:15:37","date_gmt":"2025-06-27T08:15:37","guid":{"rendered":"https:\/\/bassepi.com\/iletisim\/"},"modified":"2025-07-24T16:21:48","modified_gmt":"2025-07-24T13:21:48","slug":"contact","status":"publish","type":"page","link":"https:\/\/bassepi.com\/en\/contact\/","title":{"rendered":"Contact"},"content":{"rendered":"<section class=\"bde-section-2264-100 bde-section\">\n  \n  \n\t\n\n\n\n<div class=\"section-container\"><a class=\"bde-container-link-2264-109 bde-container-link breakdance-link\" href=\"#\" target=\"_self\" onclick=\"window.history.go(-1)\">\n  \n  \n\t\n\n\n\n<div class=\"bde-text-2264-108 bde-text\">\n\u2190 Go Back\n<\/div>\n\n<\/a><h1 class=\"bde-heading-2264-103 bde-heading\">\nContact Us\n<\/h1><div class=\"bde-fancy-divider-2264-127 bde-fancy-divider\">\n\n\n<div class=\"bde-fancy-divider__wrapper\">\n  <div class=\"bde-fancy-divider__separator   \">\n  \t  <\/div>\n<\/div>\n\n<\/div><div class=\"bde-columns-2264-114 bde-columns\"><div class=\"bde-column-2264-116 bde-column\">\n  \n  \n\t\n\n\n\n<h2 class=\"bde-heading-2264-132 bde-heading\">\nContact Informations\n<\/h2><div class=\"bde-fancy-divider-2264-129 bde-fancy-divider\">\n\n\n<div class=\"bde-fancy-divider__wrapper\">\n  <div class=\"bde-fancy-divider__separator   \">\n  \t  <\/div>\n<\/div>\n\n<\/div><div class=\"bde-icon-list-2264-122 bde-icon-list\">\n<ul>\n  \n              \n    <li>\n              <div class='bde-icon-list__item-wrapper'>\n      \n      <span class='bde-icon-list__icon'>\n        <svg xmlns=\"http:\/\/www.w3.org\/2000\/svg\" width=\"24\" height=\"24\" viewBox=\"0 0 24 24\" fill-rule=\"evenodd\" clip-rule=\"evenodd\"><path d=\"M12 2h2v2h2v3.702l7 2.618v12.68h1v1h-24v-1h1v-11h6v-8h2v-2h2v-2h1v2zm3 3h-7v18h1v-2h5v2h1v-18zm-2 17h-3v1h3v-1zm8 1h1v-11.987l-6-2.243v14.23h1v-2h4v2zm-14-10h-5v10h1v-2h3v2h1v-10zm-2 9h-1v1h1v-1zm15 0h-2v1h2v-1zm-16-5v2h-1v-2h1zm2 0v2h-1v-2h1zm5-10v12h-1v-12h1zm10 11v1h-4v-1h4zm-8-11v12h-1v-12h1zm8 9v1h-4v-1h4zm-17-2v2h-1v-2h1zm2 0v2h-1v-2h1zm15 0v1h-4v-1h4zm0-2v1h-4v-1h4zm-8-9h-3v1h3v-1z\"\/><\/svg>\n      <\/span>\n      <span class='bde-icon-list__text' >\n      A\u015f\u0131k Veysel Mah. Ye\u015fillik Cd. No: 447-449 <br>\u0130\u00e7 Kap\u0131 No: 1\u00a0- Karaba\u011flar \/ Izmir TURKEY\u00a0 \u00a0 \u00a0 \u00a0 \u00a0 \u00a0 \u00a0 \u00a0 \u00a0 \u00a0 \u00a0 \u00a0 \u00a0 \u00a0\n      <\/span>\n              <\/div>\n      \n    <\/li>\n\n  \n              \n    <li>\n                      \n            \n            \n\n    \n    \n    \n    \n    \n    <a class=\"breakdance-link bde-icon-list__item-wrapper\" href=\"mailto:info@bassepi.com\" target=\"_self\" data-type=\"url\"  >\n\n      \n      <span class='bde-icon-list__icon'>\n        <svg xmlns=\"http:\/\/www.w3.org\/2000\/svg\" width=\"24\" height=\"24\" viewBox=\"0 0 24 24\" fill-rule=\"evenodd\" clip-rule=\"evenodd\"><path d=\"M24 21h-24v-18h24v18zm-23-16.477v15.477h22v-15.477l-10.999 10-11.001-10zm21.089-.523h-20.176l10.088 9.171 10.088-9.171z\"\/><\/svg>\n      <\/span>\n      <span class='bde-icon-list__text' >\n      info@bassepi.com\n      <\/span>\n                  <\/a>\n\n      \n    <\/li>\n\n  \n              \n    <li>\n                      \n            \n            \n\n    \n    \n    \n    \n    \n    <a class=\"breakdance-link bde-icon-list__item-wrapper\" href=\"tel:+905417543010\" target=\"_self\" data-type=\"url\"  >\n\n      \n      <span class='bde-icon-list__icon'>\n        <svg xmlns=\"http:\/\/www.w3.org\/2000\/svg\" width=\"24\" height=\"24\" viewBox=\"0 0 24 24\" fill=\"none\">\n<g clip-path=\"url(#clip0_626_2)\">\n<path fill-rule=\"evenodd\" clip-rule=\"evenodd\" d=\"M8.26016 1.289L6.69616 2.061C0.903156 5.081 9.49416 23.005 16.0062 23.005C16.4662 23.005 16.9102 22.911 17.3232 22.721L18.8652 21.966L15.9672 16.372L14.4272 17.126C14.2462 17.213 14.0432 17.26 13.8302 17.26C11.2692 17.26 6.98916 9.056 9.58916 7.664L11.1352 6.901L8.26016 1.289V1.289ZM16.0062 24C10.3262 24 3.78516 12.886 3.78516 6.168C3.78516 3.749 4.61816 2.022 6.24216 1.176L8.62416 0L12.4812 7.347L10.0442 8.548C8.60516 9.32 12.4532 16.972 14.0002 16.228L16.3992 15.049L20.2152 22.409C20.2152 22.409 17.8552 23.571 17.7392 23.624C17.1922 23.875 16.6102 24 16.0062 24\"\/>\n<\/g>\n<defs>\n<clipPath id=\"clip0_626_2\">\n<rect width=\"24\" height=\"24\" fill=\"white\"\/>\n<\/clipPath>\n<\/defs>\n<\/svg>\n      <\/span>\n      <span class='bde-icon-list__text' >\n      (541) 754-3010\n      <\/span>\n                  <\/a>\n\n      \n    <\/li>\n\n  <\/ul>\n\n<\/div><h2 class=\"bde-heading-2264-128 bde-heading\">\nLegal Information\n<\/h2><div class=\"bde-fancy-divider-2264-131 bde-fancy-divider\">\n\n\n<div class=\"bde-fancy-divider__wrapper\">\n  <div class=\"bde-fancy-divider__separator   \">\n  \t  <\/div>\n<\/div>\n\n<\/div><div class=\"bde-text-2264-130 bde-text\">\n<b>Affiliated Professional Organization<b>:<\/b>\u00a0<\/b>\u0130zmir Ticaret Odas\u0131.<br><br><b>Company Registration Number<b>:<\/b> <\/b>02930869922<br><br><b>Trade Name<b>:<\/b><\/b>\u00a0BSP BAG AYAKKABI VE \u00c7ANTA SAN. T\u0130C. LTD. \u015eT\u0130.<br><br><b>Registered Email:<\/b>\n<\/div>\n<\/div><div class=\"bde-column-2264-115 bde-column\">\n  \n  \n\t\n\n\n\n<div class=\"bde-form-builder-2264-101 bde-form-builder\">\n\n<form id=\"contact-form101\" class=\"breakdance-form breakdance-form--vertical\" data-options=\"{&quot;slug&quot;:&quot;custom&quot;,&quot;name&quot;:&quot;Contact Form&quot;,&quot;ajaxUrl&quot;:&quot;https:\\\/\\\/bassepi.com\\\/wp-admin\\\/admin-ajax.php&quot;,&quot;clearOnSuccess&quot;:true,&quot;hideOnSuccess&quot;:false,&quot;successMessage&quot;:&quot;Your message has been received!&quot;,&quot;errorMessage&quot;:&quot;Something went wrong&quot;,&quot;redirect&quot;:false,&quot;redirectUrl&quot;:&quot;&quot;,&quot;customJavaScript&quot;:&quot;&quot;,&quot;recaptcha&quot;:{&quot;key&quot;:&quot;&quot;,&quot;enabled&quot;:false},&quot;honeypot_enabled&quot;:false,&quot;popupsOnSuccess&quot;:[],&quot;popupsOnError&quot;:[]}\" data-steps=\"0\" >\n  \n  \n  \n<div class=\"breakdance-form-field breakdance-form-field--text\" >\n    \n    \n            <label class=\"breakdance-form-field__label\" for=\"esilyr\">\n            Name<span class=\"breakdance-form-field__required\">*<\/span>\n        <\/label>\n    \n    <input\n    class=\"breakdance-form-field__input\"\n    id=\"esilyr\"\n    aria-describedby=\"esilyr\"\n    type=\"text\"\n    name=\"fields[esilyr]\"\n    placeholder=\"\"\n    value=\"\"\n                \n        \n        \n    required\n    \n    \n    \n>\n\n\n    \n    \n<\/div>\n\n\n<div class=\"breakdance-form-field breakdance-form-field--text\" >\n    \n    \n            <label class=\"breakdance-form-field__label\" for=\"vatpcp\">\n            Surname\n        <\/label>\n    \n    <input\n    class=\"breakdance-form-field__input\"\n    id=\"vatpcp\"\n    aria-describedby=\"vatpcp\"\n    type=\"text\"\n    name=\"fields[vatpcp]\"\n    placeholder=\"\"\n    value=\"\"\n                \n        \n        \n    \n    \n    \n    \n>\n\n\n    \n    \n<\/div>\n\n\n<div class=\"breakdance-form-field breakdance-form-field--email\" >\n    \n    \n            <label class=\"breakdance-form-field__label\" for=\"email\">\n            E-mail<span class=\"breakdance-form-field__required\">*<\/span>\n        <\/label>\n    \n    <input\n    class=\"breakdance-form-field__input\"\n    id=\"email\"\n    aria-describedby=\"email\"\n    type=\"email\"\n    name=\"fields[email]\"\n    placeholder=\"\"\n    value=\"\"\n                \n        \n        \n    required\n    \n    \n    \n>\n\n\n    \n    \n<\/div>\n\n\n<div class=\"breakdance-form-field breakdance-form-field--tel\" >\n    \n    \n            <label class=\"breakdance-form-field__label\" for=\"nmghuo\">\n            Phone\n        <\/label>\n    \n    <input\n    class=\"breakdance-form-field__input\"\n    id=\"nmghuo\"\n    aria-describedby=\"nmghuo\"\n    type=\"tel\"\n    name=\"fields[nmghuo]\"\n    placeholder=\"\"\n    value=\"\"\n                \n        \n        \n    \n    \n    \n    \n>\n\n\n    \n    \n<\/div>\n\n\n<div class=\"breakdance-form-field breakdance-form-field--textarea\" >\n    \n    \n            <label class=\"breakdance-form-field__label\" for=\"message\">\n            Your Message<span class=\"breakdance-form-field__required\">*<\/span>\n        <\/label>\n    \n    <textarea\n    class=\"breakdance-form-field__input\"\n    id=\"message\"\n    aria-describedby=\"message\"\n    type=\"textarea\"\n    name=\"fields[message]\"\n        placeholder=\"\"\n    required\n    >\n<\/textarea>\n\n\n    \n    \n<\/div>\n\n\n  \n\n<div class=\"breakdance-form-field breakdance-form-footer\">\n    \n    \n                                    \n    \n    \n    \n    \n            \n            <button type=\"submit\" class=\"button-atom button-atom--primary breakdance-form-button breakdance-form-button__submit\"  >\n    \n        <span class=\"button-atom__text\">Submit<\/span>\n\n        \n        \n            <\/button>\n    \n    <input type=\"hidden\" name=\"form_id\" value=\"101\">\n    <input type=\"hidden\" name=\"post_id\" value=\"2264\">\n<\/div>\n\n  \n<\/form>\n\n\n<\/div>\n<\/div><\/div><\/div>\n<\/section>","protected":false},"excerpt":{"rendered":"<p>\u2190 Go Back Contact Us Contact Informations A\u015f\u0131k Veysel Mah. Ye\u015fillik Cd. No: 447-449 \u0130\u00e7 Kap\u0131 No: 1\u00a0&#8211; Karaba\u011flar \/ Izmir TURKEY\u00a0 \u00a0 \u00a0 \u00a0 \u00a0 \u00a0 \u00a0 \u00a0 \u00a0 \u00a0 \u00a0 \u00a0 \u00a0 \u00a0 info@bassepi.com (541) 754-3010 Legal Information Affiliated Professional Organization:\u00a0\u0130zmir Ticaret Odas\u0131.Company Registration Number: 02930869922Trade Name:\u00a0BSP BAG AYAKKABI VE \u00c7ANTA SAN. T\u0130C. [&hellip;]<\/p>\n","protected":false},"author":1,"featured_media":0,"parent":0,"menu_order":0,"comment_status":"closed","ping_status":"closed","template":"","meta":{"_acf_changed":false,"_breakdance_hide_in_design_set":false,"_breakdance_tags":"","footnotes":""},"class_list":["post-2264","page","type-page","status-publish","hentry"],"acf":[],"_links":{"self":[{"href":"https:\/\/bassepi.com\/en\/wp-json\/wp\/v2\/pages\/2264","targetHints":{"allow":["GET"]}}],"collection":[{"href":"https:\/\/bassepi.com\/en\/wp-json\/wp\/v2\/pages"}],"about":[{"href":"https:\/\/bassepi.com\/en\/wp-json\/wp\/v2\/types\/page"}],"author":[{"embeddable":true,"href":"https:\/\/bassepi.com\/en\/wp-json\/wp\/v2\/users\/1"}],"replies":[{"embeddable":true,"href":"https:\/\/bassepi.com\/en\/wp-json\/wp\/v2\/comments?post=2264"}],"version-history":[{"count":10,"href":"https:\/\/bassepi.com\/en\/wp-json\/wp\/v2\/pages\/2264\/revisions"}],"predecessor-version":[{"id":2771,"href":"https:\/\/bassepi.com\/en\/wp-json\/wp\/v2\/pages\/2264\/revisions\/2771"}],"wp:attachment":[{"href":"https:\/\/bassepi.com\/en\/wp-json\/wp\/v2\/media?parent=2264"}],"curies":[{"name":"wp","href":"https:\/\/api.w.org\/{rel}","templated":true}]}}